{"id":1735,"date":"2025-11-28T22:19:05","date_gmt":"2025-11-28T21:19:05","guid":{"rendered":"https:\/\/cmswordpress.com\/col\/?post_type=product&#038;p=1735"},"modified":"2026-02-09T03:06:14","modified_gmt":"2026-02-09T02:06:14","slug":"alghorub-unguento","status":"publish","type":"product","link":"https:\/\/cmswordpress.com\/col\/producto\/alghorub-unguento\/","title":{"rendered":"Alghorub Ung\u00fcento"},"content":{"rendered":"<p>Ung\u00fcento mentolado bals\u00e1mico el cual permite una sensaci\u00f3n de intensa frescura en la piel.<\/p>\n","protected":false},"excerpt":{"rendered":"<p>Alghorub Ung\u00fcento X 3 Potes<\/p>\n","protected":false},"featured_media":1736,"comment_status":"open","ping_status":"closed","template":"","meta":{"_acf_changed":false},"product_brand":[],"product_cat":[29],"product_tag":[],"class_list":{"0":"post-1735","1":"product","2":"type-product","3":"status-publish","4":"has-post-thumbnail","6":"product_cat-dermatologia","8":"first","9":"instock","10":"shipping-taxable","11":"product-type-simple"},"acf":[],"_links":{"self":[{"href":"https:\/\/cmswordpress.com\/col\/wp-json\/wp\/v2\/product\/1735","targetHints":{"allow":["GET"]}}],"collection":[{"href":"https:\/\/cmswordpress.com\/col\/wp-json\/wp\/v2\/product"}],"about":[{"href":"https:\/\/cmswordpress.com\/col\/wp-json\/wp\/v2\/types\/product"}],"replies":[{"embeddable":true,"href":"https:\/\/cmswordpress.com\/col\/wp-json\/wp\/v2\/comments?post=1735"}],"wp:featuredmedia":[{"embeddable":true,"href":"https:\/\/cmswordpress.com\/col\/wp-json\/wp\/v2\/media\/1736"}],"wp:attachment":[{"href":"https:\/\/cmswordpress.com\/col\/wp-json\/wp\/v2\/media?parent=1735"}],"wp:term":[{"taxonomy":"product_brand","embeddable":true,"href":"https:\/\/cmswordpress.com\/col\/wp-json\/wp\/v2\/product_brand?post=1735"},{"taxonomy":"product_cat","embeddable":true,"href":"https:\/\/cmswordpress.com\/col\/wp-json\/wp\/v2\/product_cat?post=1735"},{"taxonomy":"product_tag","embeddable":true,"href":"https:\/\/cmswordpress.com\/col\/wp-json\/wp\/v2\/product_tag?post=1735"}],"curies":[{"name":"wp","href":"https:\/\/api.w.org\/{rel}","templated":true}]}}