{"id":1743,"date":"2025-11-28T22:31:24","date_gmt":"2025-11-28T21:31:24","guid":{"rendered":"https:\/\/cmswordpress.com\/col\/?post_type=product&#038;p=1743"},"modified":"2026-02-09T03:01:00","modified_gmt":"2026-02-09T02:01:00","slug":"blemil-plus-arroz-hidrolizado-protech","status":"publish","type":"product","link":"https:\/\/cmswordpress.com\/col\/producto\/blemil-plus-arroz-hidrolizado-protech\/","title":{"rendered":"Blemil Plus Arroz Hidrolizado Protech"},"content":{"rendered":"<p>La leche materna es el mejor alimento para el ni\u00f1o. Si no se siguen estrictamente las indicaciones de preparaci\u00f3n e higiene, el alimento promocionado es perjudicial para la salud del ni\u00f1o. La utilizaci\u00f3n del biber\u00f3n incide negativamente en la calidad y cantidad de lactancia materna.<\/p>\n","protected":false},"excerpt":{"rendered":"<p>F\u00f3rmula Infantil Blemil Plus Arroz Hidrolizado Protech Lata X 400 Gr<\/p>\n","protected":false},"featured_media":1744,"comment_status":"open","ping_status":"closed","template":"","meta":{"_acf_changed":false},"product_brand":[],"product_cat":[30],"product_tag":[],"class_list":{"0":"post-1743","1":"product","2":"type-product","3":"status-publish","4":"has-post-thumbnail","6":"product_cat-infantil","8":"first","9":"instock","10":"shipping-taxable","11":"product-type-simple"},"acf":[],"_links":{"self":[{"href":"https:\/\/cmswordpress.com\/col\/wp-json\/wp\/v2\/product\/1743","targetHints":{"allow":["GET"]}}],"collection":[{"href":"https:\/\/cmswordpress.com\/col\/wp-json\/wp\/v2\/product"}],"about":[{"href":"https:\/\/cmswordpress.com\/col\/wp-json\/wp\/v2\/types\/product"}],"replies":[{"embeddable":true,"href":"https:\/\/cmswordpress.com\/col\/wp-json\/wp\/v2\/comments?post=1743"}],"wp:featuredmedia":[{"embeddable":true,"href":"https:\/\/cmswordpress.com\/col\/wp-json\/wp\/v2\/media\/1744"}],"wp:attachment":[{"href":"https:\/\/cmswordpress.com\/col\/wp-json\/wp\/v2\/media?parent=1743"}],"wp:term":[{"taxonomy":"product_brand","embeddable":true,"href":"https:\/\/cmswordpress.com\/col\/wp-json\/wp\/v2\/product_brand?post=1743"},{"taxonomy":"product_cat","embeddable":true,"href":"https:\/\/cmswordpress.com\/col\/wp-json\/wp\/v2\/product_cat?post=1743"},{"taxonomy":"product_tag","embeddable":true,"href":"https:\/\/cmswordpress.com\/col\/wp-json\/wp\/v2\/product_tag?post=1743"}],"curies":[{"name":"wp","href":"https:\/\/api.w.org\/{rel}","templated":true}]}}