{"id":1765,"date":"2025-11-28T22:58:27","date_gmt":"2025-11-28T21:58:27","guid":{"rendered":"https:\/\/cmswordpress.com\/col\/?post_type=product&#038;p=1765"},"modified":"2026-02-09T02:48:24","modified_gmt":"2026-02-09T01:48:24","slug":"panatal","status":"publish","type":"product","link":"https:\/\/cmswordpress.com\/col\/producto\/panatal\/","title":{"rendered":"Pa\u00f1atal"},"content":{"rendered":"<p>Ayuda a proteger la barrera de la piel. Favorece la reparaci\u00f3n de la piel. Evita la formaci\u00f3n de escoriaciones producidas por la inmovilidad. F\u00e1cil aplicaci\u00f3n con protecci\u00f3n superior para todos los d\u00edas.<\/p>\n","protected":false},"excerpt":{"rendered":"<p>Pa\u00f1atal Pomada X 3 Potes<\/p>\n","protected":false},"featured_media":1766,"comment_status":"open","ping_status":"closed","template":"","meta":{"_acf_changed":false},"product_brand":[],"product_cat":[29],"product_tag":[],"class_list":{"0":"post-1765","1":"product","2":"type-product","3":"status-publish","4":"has-post-thumbnail","6":"product_cat-dermatologia","8":"first","9":"instock","10":"shipping-taxable","11":"product-type-simple"},"acf":[],"_links":{"self":[{"href":"https:\/\/cmswordpress.com\/col\/wp-json\/wp\/v2\/product\/1765","targetHints":{"allow":["GET"]}}],"collection":[{"href":"https:\/\/cmswordpress.com\/col\/wp-json\/wp\/v2\/product"}],"about":[{"href":"https:\/\/cmswordpress.com\/col\/wp-json\/wp\/v2\/types\/product"}],"replies":[{"embeddable":true,"href":"https:\/\/cmswordpress.com\/col\/wp-json\/wp\/v2\/comments?post=1765"}],"wp:featuredmedia":[{"embeddable":true,"href":"https:\/\/cmswordpress.com\/col\/wp-json\/wp\/v2\/media\/1766"}],"wp:attachment":[{"href":"https:\/\/cmswordpress.com\/col\/wp-json\/wp\/v2\/media?parent=1765"}],"wp:term":[{"taxonomy":"product_brand","embeddable":true,"href":"https:\/\/cmswordpress.com\/col\/wp-json\/wp\/v2\/product_brand?post=1765"},{"taxonomy":"product_cat","embeddable":true,"href":"https:\/\/cmswordpress.com\/col\/wp-json\/wp\/v2\/product_cat?post=1765"},{"taxonomy":"product_tag","embeddable":true,"href":"https:\/\/cmswordpress.com\/col\/wp-json\/wp\/v2\/product_tag?post=1765"}],"curies":[{"name":"wp","href":"https:\/\/api.w.org\/{rel}","templated":true}]}}