{"id":1769,"date":"2025-11-28T23:03:33","date_gmt":"2025-11-28T22:03:33","guid":{"rendered":"https:\/\/cmswordpress.com\/col\/?post_type=product&#038;p=1769"},"modified":"2026-02-09T02:46:15","modified_gmt":"2026-02-09T01:46:15","slug":"percof-jarabe","status":"publish","type":"product","link":"https:\/\/cmswordpress.com\/col\/producto\/percof-jarabe\/","title":{"rendered":"Percof  Jarabe"},"content":{"rendered":"<p>\u00abEs un medicamento. La informaci\u00f3n aqu\u00ed presentada tiene fines informativos, su contenido corresponde exclusivamente a nuestros productos y las presentaciones registradas ante el INVIMA.<br \/>\nNo reemplaza la orientaci\u00f3n m\u00e9dica ni debe utilizarse para la automedicaci\u00f3n.\u00bb<\/p>\n","protected":false},"excerpt":{"rendered":"<p>Percof Jarabe Caja X 1 Frasco De 120 Ml<\/p>\n","protected":false},"featured_media":1770,"comment_status":"open","ping_status":"closed","template":"","meta":{"_acf_changed":false},"product_brand":[],"product_cat":[28],"product_tag":[],"class_list":{"0":"post-1769","1":"product","2":"type-product","3":"status-publish","4":"has-post-thumbnail","6":"product_cat-farmaceutica","8":"first","9":"instock","10":"shipping-taxable","11":"product-type-simple"},"acf":[],"_links":{"self":[{"href":"https:\/\/cmswordpress.com\/col\/wp-json\/wp\/v2\/product\/1769","targetHints":{"allow":["GET"]}}],"collection":[{"href":"https:\/\/cmswordpress.com\/col\/wp-json\/wp\/v2\/product"}],"about":[{"href":"https:\/\/cmswordpress.com\/col\/wp-json\/wp\/v2\/types\/product"}],"replies":[{"embeddable":true,"href":"https:\/\/cmswordpress.com\/col\/wp-json\/wp\/v2\/comments?post=1769"}],"wp:featuredmedia":[{"embeddable":true,"href":"https:\/\/cmswordpress.com\/col\/wp-json\/wp\/v2\/media\/1770"}],"wp:attachment":[{"href":"https:\/\/cmswordpress.com\/col\/wp-json\/wp\/v2\/media?parent=1769"}],"wp:term":[{"taxonomy":"product_brand","embeddable":true,"href":"https:\/\/cmswordpress.com\/col\/wp-json\/wp\/v2\/product_brand?post=1769"},{"taxonomy":"product_cat","embeddable":true,"href":"https:\/\/cmswordpress.com\/col\/wp-json\/wp\/v2\/product_cat?post=1769"},{"taxonomy":"product_tag","embeddable":true,"href":"https:\/\/cmswordpress.com\/col\/wp-json\/wp\/v2\/product_tag?post=1769"}],"curies":[{"name":"wp","href":"https:\/\/api.w.org\/{rel}","templated":true}]}}