{"id":1783,"date":"2025-11-28T23:33:28","date_gmt":"2025-11-28T22:33:28","guid":{"rendered":"https:\/\/cmswordpress.com\/col\/?post_type=product&#038;p=1783"},"modified":"2026-02-09T02:38:03","modified_gmt":"2026-02-09T01:38:03","slug":"sunlat-vid","status":"publish","type":"product","link":"https:\/\/cmswordpress.com\/col\/producto\/sunlat-vid\/","title":{"rendered":"Sunlat Vid"},"content":{"rendered":"<p>\u00abSUNLAT VID\u00ae es un protector solar en gel. de alta protecci\u00f3n, formulado espec\u00edficamente para el rostro y el cuello. Contiene NECTARIA LITHOPS \u2122. un ingrediente activo natural que favorece el incremento de los niveles de vitamina D en la piel, promoviendo una hidrataci\u00f3n profunda y turgencia; para una piel m\u00e1s fortalecida. revitalizada y voluminizada. Posee filtros solares que protegen contra radiaci\u00f3n UVA\/UVB I LUZ VISIBLE I LUZAZUL I INFRARROJO I REM, adem\u00e1s de pantallas ultramicronizadas y un complejo natural detoxificante. Proporciona una base mate de f\u00e1cil aplicaci\u00f3n, dejando una sensaci\u00f3n suave<br \/>\nsobre la piel. Su uso continuo ayuda a prevenir el fotoenvejecimiento.<br \/>\n<strong>Modo de uso:<\/strong><br \/>\nAplicar de forma homog\u00e9nea sobre la piel limpia con un ligero masaje en las \u00e1reas interesadas antes de la exposici\u00f3n solar. Continuar aplicando por lo menos cada 2 horas especialmente en las horas de mayor exposici\u00f3n solar. \u00bb<\/p>\n<p>&nbsp;<\/p>\n","protected":false},"excerpt":{"rendered":"<p>Sunlat Vid Frasco X 50 G<\/p>\n","protected":false},"featured_media":1784,"comment_status":"open","ping_status":"closed","template":"","meta":{"_acf_changed":false},"product_brand":[],"product_cat":[29],"product_tag":[],"class_list":{"0":"post-1783","1":"product","2":"type-product","3":"status-publish","4":"has-post-thumbnail","6":"product_cat-dermatologia","8":"first","9":"instock","10":"shipping-taxable","11":"product-type-simple"},"acf":[],"_links":{"self":[{"href":"https:\/\/cmswordpress.com\/col\/wp-json\/wp\/v2\/product\/1783","targetHints":{"allow":["GET"]}}],"collection":[{"href":"https:\/\/cmswordpress.com\/col\/wp-json\/wp\/v2\/product"}],"about":[{"href":"https:\/\/cmswordpress.com\/col\/wp-json\/wp\/v2\/types\/product"}],"replies":[{"embeddable":true,"href":"https:\/\/cmswordpress.com\/col\/wp-json\/wp\/v2\/comments?post=1783"}],"wp:featuredmedia":[{"embeddable":true,"href":"https:\/\/cmswordpress.com\/col\/wp-json\/wp\/v2\/media\/1784"}],"wp:attachment":[{"href":"https:\/\/cmswordpress.com\/col\/wp-json\/wp\/v2\/media?parent=1783"}],"wp:term":[{"taxonomy":"product_brand","embeddable":true,"href":"https:\/\/cmswordpress.com\/col\/wp-json\/wp\/v2\/product_brand?post=1783"},{"taxonomy":"product_cat","embeddable":true,"href":"https:\/\/cmswordpress.com\/col\/wp-json\/wp\/v2\/product_cat?post=1783"},{"taxonomy":"product_tag","embeddable":true,"href":"https:\/\/cmswordpress.com\/col\/wp-json\/wp\/v2\/product_tag?post=1783"}],"curies":[{"name":"wp","href":"https:\/\/api.w.org\/{rel}","templated":true}]}}