{"id":1792,"date":"2025-11-28T23:45:39","date_gmt":"2025-11-28T22:45:39","guid":{"rendered":"https:\/\/cmswordpress.com\/col\/?post_type=product&#038;p=1792"},"modified":"2026-02-09T02:32:43","modified_gmt":"2026-02-09T01:32:43","slug":"tricovit-tabletas","status":"publish","type":"product","link":"https:\/\/cmswordpress.com\/col\/producto\/tricovit-tabletas\/","title":{"rendered":"Tricovit Tabletas"},"content":{"rendered":"<p>\u00abEs un suplemento. La informaci\u00f3n aqu\u00ed presentada tiene fines informativos, su contenido corresponde exclusivamente a nuestros productos y las presentaciones registradas ante el INVIMA.<br \/>\nNo reemplaza la orientaci\u00f3n m\u00e9dica ni debe utilizarse para la automedicaci\u00f3n.<\/p>\n","protected":false},"excerpt":{"rendered":"<p>Tricovit 400 Mg Caja X 60 Tabletas<\/p>\n","protected":false},"featured_media":1793,"comment_status":"open","ping_status":"closed","template":"","meta":{"_acf_changed":false},"product_brand":[],"product_cat":[29],"product_tag":[],"class_list":{"0":"post-1792","1":"product","2":"type-product","3":"status-publish","4":"has-post-thumbnail","6":"product_cat-dermatologia","8":"first","9":"instock","10":"shipping-taxable","11":"product-type-simple"},"acf":[],"_links":{"self":[{"href":"https:\/\/cmswordpress.com\/col\/wp-json\/wp\/v2\/product\/1792","targetHints":{"allow":["GET"]}}],"collection":[{"href":"https:\/\/cmswordpress.com\/col\/wp-json\/wp\/v2\/product"}],"about":[{"href":"https:\/\/cmswordpress.com\/col\/wp-json\/wp\/v2\/types\/product"}],"replies":[{"embeddable":true,"href":"https:\/\/cmswordpress.com\/col\/wp-json\/wp\/v2\/comments?post=1792"}],"wp:featuredmedia":[{"embeddable":true,"href":"https:\/\/cmswordpress.com\/col\/wp-json\/wp\/v2\/media\/1793"}],"wp:attachment":[{"href":"https:\/\/cmswordpress.com\/col\/wp-json\/wp\/v2\/media?parent=1792"}],"wp:term":[{"taxonomy":"product_brand","embeddable":true,"href":"https:\/\/cmswordpress.com\/col\/wp-json\/wp\/v2\/product_brand?post=1792"},{"taxonomy":"product_cat","embeddable":true,"href":"https:\/\/cmswordpress.com\/col\/wp-json\/wp\/v2\/product_cat?post=1792"},{"taxonomy":"product_tag","embeddable":true,"href":"https:\/\/cmswordpress.com\/col\/wp-json\/wp\/v2\/product_tag?post=1792"}],"curies":[{"name":"wp","href":"https:\/\/api.w.org\/{rel}","templated":true}]}}